{"id":105,"date":"2023-11-22T08:59:16","date_gmt":"2023-11-22T08:59:16","guid":{"rendered":"https:\/\/xn--bagimasaa-2cc.hr\/?page_id=105"},"modified":"2025-12-02T17:10:39","modified_gmt":"2025-12-02T17:10:39","slug":"o-nama","status":"publish","type":"page","link":"https:\/\/xn--bagimasaa-2cc.hr\/index.php\/o-nama\/","title":{"rendered":"O nama"},"content":{"rendered":"\n<p><\/p>\n\n\n\n<blockquote class=\"wp-block-quote is-layout-flow wp-block-quote-is-layout-flow\">\n<p><strong>Ivan Balagovi\u0107 mag.physioth. EMMETT prakti\u010dar za ljude i pse<\/strong><\/p>\n<\/blockquote>\n\n\n\n<p><\/p>\n\n\n\n<p class=\"has-text-align-left\">U salonu za njegu i odr\u017eavanje tijela BAGI usluge masa\u017ee pru\u017ea Vam fizioterapeut sa vi\u0161e od dvadeset godina radnog iskustva u Specijalnoj bolnici za medicinsku rehabilitaciju u Krapinskim Toplicama.<\/p>\n\n\n\n<p class=\"has-text-align-left\">Po meni sada ve\u0107 davne 1999. godine nakon zavr\u0161ene srednje \u0161kole za fizioterapeutskog tehni\u010dara upisao sam dodiplomski studij fizioterapije u trajanju od tri godine, a 2007. godine upisujem kao prva generacija Specijalisti\u010dki stru\u010dni studij fizioterapije u Zagrebu. 2015. godine upisujem doktorski studij Socijalne gerontologije u Sloveniji. Tokom radnog iskustva stalno se profesionalno usavr\u0161avam \u0161to kroz te\u010dajeve i kongrese kao i pregledavanjem stru\u010dne znanstvene literature. Izme\u0111u ostaloga zavr\u0161io sam osnovni Bobath te\u010daj i nekoliko te\u010dajeva i radionica normalnog pokreta koji mi poma\u017eu u radu s neurolo\u0161kim bolesnicima. Tako\u0111er bio sam dva puta sudionik edukacije iz terapije prisilno induciranog pokreta (CIMT-a) koja se koristi kod osoba s mo\u017edanim udarom ili drugim o\u0161te\u0107enjima sredi\u0161njeg \u017eiv\u010danog sustava.<\/p>\n\n\n\n<p class=\"has-text-align-left\">Dry needling te\u010daj za fizioterapeute, Kinesio Taping Foundations Course i Trigger point therapy sa miofascijalnom Trigger point masa\u017eom zavr\u0161io sam 2024. godine u Zagrebu.<\/p>\n\n\n\n<p>U sije\u010dnju 2025. upisujem EMMETT tehniku za pse, a kasnije nastavljam edukaciju paralelno i za ljude. 19.10.2025. godine zavr\u0161avam 6 osnovnih stupnjeva EMMETT tehnike za ljude te na taj na\u010din postajem EMMETT terapeut i dobivam pravo na reklamiranje i kori\u0161tenje orginalnog loga EMMETT tehnike prikazanog dolje kao i druge mogu\u0107nosti kako bi se EMMETT tehnika pribli\u017eila \u0161to ve\u0107em broju ljudi.<\/p>\n\n\n\n<p>23.11.2025. zavr\u0161avam  EMMETT edukaciju za pse te postajem i EMMETT prakti\u010dar za pse.<\/p>\n\n\n<div class=\"wp-block-image\">\n<figure class=\"aligncenter size-large is-resized\"><img fetchpriority=\"high\" decoding=\"async\" width=\"1024\" height=\"1024\" src=\"https:\/\/xn--bagimasaa-2cc.hr\/wp-content\/uploads\/2025\/10\/Branding-Kit-Logos_Icon-Logo-1024x1024.png\" alt=\"\" class=\"wp-image-258\" style=\"width:148px;height:auto\" srcset=\"https:\/\/xn--bagimasaa-2cc.hr\/wp-content\/uploads\/2025\/10\/Branding-Kit-Logos_Icon-Logo-1024x1024.png 1024w, https:\/\/xn--bagimasaa-2cc.hr\/wp-content\/uploads\/2025\/10\/Branding-Kit-Logos_Icon-Logo-300x300.png 300w, https:\/\/xn--bagimasaa-2cc.hr\/wp-content\/uploads\/2025\/10\/Branding-Kit-Logos_Icon-Logo-150x150.png 150w, https:\/\/xn--bagimasaa-2cc.hr\/wp-content\/uploads\/2025\/10\/Branding-Kit-Logos_Icon-Logo-768x768.png 768w, https:\/\/xn--bagimasaa-2cc.hr\/wp-content\/uploads\/2025\/10\/Branding-Kit-Logos_Icon-Logo-1536x1536.png 1536w, https:\/\/xn--bagimasaa-2cc.hr\/wp-content\/uploads\/2025\/10\/Branding-Kit-Logos_Icon-Logo-2048x2048.png 2048w\" sizes=\"(max-width: 1024px) 100vw, 1024px\" \/><\/figure>\n<\/div>\n\n\n<p>25.10.2025. zavr\u0161io sam edukaciju iz Tradicionalne kineske medicine te dobivam licencu za obavljanje djelatnosti tradicionalne, komplementarne i alternativne medicine iz podru\u010dja TKM-a \u0161to uklju\u010duje akupunkturu, elektroakupunkturu, u\u0161nu akupunkturu te tui-na terapiju s Tui-na masa\u017eom. Svakako \u017eelja mi je i dalje se educirati na tom podru\u010dju, kako bi \u0161to kvalitetnije iskoristio prednosti ovih metoda. <\/p>\n\n\n\n<p>S 01.12.2025. pro\u0161irujem djelatnosti u svom obrtu u skladu sa zakonom te na taj na\u010din uvodim EMMETT tretman za ljude i pse te akupunkturni tretman kako bi upotpunio ponudu usluga njege i odr\u017eavanja tijela kako za ljude tako i za na\u0161e ku\u0107ne ljubimce. Vi\u0161e informacija o ovim tretmanima pro\u010ditajte u poglavlju o masa\u017ei ili potra\u017eite informacije direktno na internet stranicama EMMETT tehnike.<\/p>\n\n\n\n<p>Salon za masa\u017eu na preporuku i nagovor svojih pacijenta odlu\u010dujem otvoriti jer se masa\u017ea pokazala kao odli\u010dna pomo\u0107 u savladavanju problema, ali i kao izvrsna metoda prevencije budu\u0107ih bolnih stanja i o\u0161te\u0107enja.<\/p>\n\n\n\n<p> Salon za masa\u017eu otvaram uz nastavak rada kao fizioterapeut u Specijalnoj bolnici za medicinsku rehabilitaciju u Krapinskim Toplicama. Iz tog razloga usluge masa\u017ee dostupne su u popodnevnom satima tokom radnog tjedna te vikendima prema dogovoru.<\/p>\n\n\n\n<p>Zaka\u017eite i do\u0111ite s povjerenjem na svoj termin masa\u017ee.<\/p>\n\n\n\n<div class=\"wp-block-columns is-layout-flex wp-container-core-columns-is-layout-28f84493 wp-block-columns-is-layout-flex\">\n<div class=\"wp-block-column is-layout-flow wp-block-column-is-layout-flow\" style=\"flex-basis:100%\">\n<div class=\"wp-block-group\"><div class=\"wp-block-group__inner-container is-layout-flow wp-block-group-is-layout-flow\">\n<blockquote class=\"wp-block-quote is-layout-flow wp-block-quote-is-layout-flow\">\n<p class=\"has-text-align-center\"><strong><em>NA\u0110I VREMENA ZA SEBE I SVOJE \u017dELJE, TO JE PUT DO SRE\u0106E!<\/em><\/strong><\/p>\n<\/blockquote>\n<\/div><\/div>\n<\/div>\n<\/div>\n\n\n\n<figure class=\"wp-block-image size-full is-resized\"><img decoding=\"async\" width=\"605\" height=\"421\" src=\"https:\/\/xn--bagimasaa-2cc.hr\/wp-content\/uploads\/2023\/11\/Slika3-2.png\" alt=\"\" class=\"wp-image-115\" style=\"width:844px;height:auto\" srcset=\"https:\/\/xn--bagimasaa-2cc.hr\/wp-content\/uploads\/2023\/11\/Slika3-2.png 605w, https:\/\/xn--bagimasaa-2cc.hr\/wp-content\/uploads\/2023\/11\/Slika3-2-300x209.png 300w\" sizes=\"(max-width: 605px) 100vw, 605px\" \/><\/figure>\n\n\n\n<div class=\"wp-block-media-text is-stacked-on-mobile\"><figure class=\"wp-block-media-text__media\"><\/figure><div class=\"wp-block-media-text__content\">\n<p><\/p>\n<\/div><\/div>\n","protected":false},"excerpt":{"rendered":"<p>Ivan Balagovi\u0107 mag.physioth. EMMETT prakti\u010dar za ljude i pse U salonu za njegu i odr\u017eavanje tijela BAGI usluge masa\u017ee pru\u017ea Vam fizioterapeut sa vi\u0161e od dvadeset godina radnog iskustva u Specijalnoj bolnici za medicinsku rehabilitaciju u Krapinskim Toplicama. Po meni sada ve\u0107 davne 1999. godine nakon zavr\u0161ene srednje \u0161kole za [&hellip;]<\/p>\n","protected":false},"author":1,"featured_media":0,"parent":0,"menu_order":0,"comment_status":"closed","ping_status":"closed","template":"","meta":{"footnotes":""},"class_list":["post-105","page","type-page","status-publish","hentry"],"_links":{"self":[{"href":"https:\/\/xn--bagimasaa-2cc.hr\/index.php\/wp-json\/wp\/v2\/pages\/105","targetHints":{"allow":["GET"]}}],"collection":[{"href":"https:\/\/xn--bagimasaa-2cc.hr\/index.php\/wp-json\/wp\/v2\/pages"}],"about":[{"href":"https:\/\/xn--bagimasaa-2cc.hr\/index.php\/wp-json\/wp\/v2\/types\/page"}],"author":[{"embeddable":true,"href":"https:\/\/xn--bagimasaa-2cc.hr\/index.php\/wp-json\/wp\/v2\/users\/1"}],"replies":[{"embeddable":true,"href":"https:\/\/xn--bagimasaa-2cc.hr\/index.php\/wp-json\/wp\/v2\/comments?post=105"}],"version-history":[{"count":24,"href":"https:\/\/xn--bagimasaa-2cc.hr\/index.php\/wp-json\/wp\/v2\/pages\/105\/revisions"}],"predecessor-version":[{"id":289,"href":"https:\/\/xn--bagimasaa-2cc.hr\/index.php\/wp-json\/wp\/v2\/pages\/105\/revisions\/289"}],"wp:attachment":[{"href":"https:\/\/xn--bagimasaa-2cc.hr\/index.php\/wp-json\/wp\/v2\/media?parent=105"}],"curies":[{"name":"wp","href":"https:\/\/api.w.org\/{rel}","templated":true}]}}