{"id":90,"date":"2023-11-22T08:43:27","date_gmt":"2023-11-22T08:43:27","guid":{"rendered":"https:\/\/xn--bagimasaa-2cc.hr\/?page_id=90"},"modified":"2026-02-14T19:35:31","modified_gmt":"2026-02-14T19:35:31","slug":"o-masazi-2","status":"publish","type":"page","link":"https:\/\/xn--bagimasaa-2cc.hr\/index.php\/o-masazi-2\/","title":{"rendered":"O masa\u017ei"},"content":{"rendered":"\n<p class=\"has-text-align-left\">Masa\u017ea pobolj\u0161ava cirkulaciju krvi i protok limfe, probavu i funkciju crijeva, otklanja glavobolju, akutne i kroni\u010dne bolove i popravlja san, stimulira ili smiruje \u017eiv\u010dani sustav, pove\u0107ava pokretljivost zglobova i opseg pokreta zglobova, smanjuje napetost mi\u0161i\u0107a, zate\u017ee ko\u017eu i \u010dini je sjajnijom. <\/p>\n\n\n\n<p class=\"has-text-align-left\">Kvalitetna masa\u017ea ovisi o znanjima i iskustvu terapeuta koji u svakom trenutku prepoznaje potencijalne probleme koje klijent ima te im se mo\u017ee prilagoditi intenzitetom pritiska i tehnikom hvata pojedinog mi\u0161i\u0107a na zadovoljstvo svakog klijenta, a isto tako i o razumijevanju patolo\u0161kih stanja svakog organizma te pravovremenom prepoznavanju indikacija i kontraindikacija za masa\u017eu.<\/p>\n\n\n\n<p>Svaka masa\u017ea za cilj mora imati psihofizi\u010dku relaksaciju kao i br\u017ei oporavak organizma od razli\u010ditih problema koji se nakupljaju kroz svakodnevno izlaganje naporima i stresu kojim smo svi okru\u017eeni. Tako\u0111er cilj svake masa\u017ee mora biti i o\u010duvanje zdravlja i dobrog raspolo\u017eenja koje se posti\u017ee lu\u010denjem endorfina, takozvanog hormona sre\u0107e.<\/p>\n\n\n\n<p><strong>ZA KVALITETNU MASA\u017dU NAJBOLJE SE PRIDR\u017dAVATI NEKIH PRAVILA:<\/strong><\/p>\n\n\n\n<p>Na masa\u017eu do\u0111ite otu\u0161irani i u \u010distoj odje\u0107i. Masa\u017ea se naj\u010de\u0161\u0107e izvodi sa uljem, stoga nije preporu\u010dljivo dolaziti na\u0161minkan ili nakon posjete frizeru. Sav nakit se prilikom masa\u017ee skida, stoga je preporuka da ga ostavite ku\u0107i. Nemojte i\u0107i na masa\u017eu \u00a0nakon obilnog obroka ili vrlo gladni.<\/p>\n\n\n\n<p>Dio tijela koji se masira mora biti oslobo\u0111en odje\u0107e, dok su ostali dijelovi tijela pokriveni ru\u010dnikom.<\/p>\n\n\n\n<p>Na masa\u017eu nemojte dolaziti alkoholizirani ili ako ste koristili neke opijate.<\/p>\n\n\n\n<p>Ako vam se  za vrijeme masa\u017ee ide na WC slobodno to recite.<\/p>\n\n\n\n<p>Ako vas masa\u017ea boli ili vam izaziva neugodu recite, ako je dodir preslab zamolite ja\u010di pritisak, tako\u0111er ako postoje posebna mjesta na kojima odgovara ja\u010di pritisak slobodno to napomenite.<\/p>\n\n\n\n<p>Ako vam je hladno recite da vas bolje pokrijem ili uklju\u010dim termodeku.<\/p>\n\n\n\n<p>Razgovor tokom masa\u017ee nije zabranjen, ali poku\u0161ajte se opustiti. Zaklopite o\u010di, mislite na neke lijepe i pozitivne stvari.<\/p>\n\n\n\n<p>Nemojte i\u0107i na masa\u017eu kada imate visoku temperaturu, zarazne i infektivne bolesti ili ako ste imali nedavni lom ili operaciju.<\/p>\n\n\n\n<p class=\"has-text-align-center\"><strong><em><mark style=\"background-color:rgba(0, 0, 0, 0)\" class=\"has-inline-color has-black-color\">MASA\u017dA SLU\u017dI ZA OPU\u0160TANJE I STVARANJE OSJE\u0106AJA BLAGOSTANJA<\/mark><\/em><\/strong><\/p>\n\n\n\n<p class=\"has-text-align-center\"><strong>KINESIOTAPING<\/strong> <\/p>\n\n\n\n<p>Kako bi se djelovanje masa\u017ee produljilo na nekoliko dana jedna od mogu\u0107nosti je da uz pomo\u0107 Kinesiotaping trake pobolj\u0161amo cirkulaciju ispod podru\u010dja gdje je ona primjenjena te na taj na\u010din pobolj\u0161amo sam u\u010dinak masa\u017ee, a naro\u010dito ako postoji nekakav problem na mekim tkivima koji stvara neugodu ili bolove. Naravno sama traka se ne mo\u017ee primjeniti odmah nakon masa\u017ee, jer tragovi ulja na ko\u017ei spre\u010davaju da se ona zalijepi kvalitetno.<\/p>\n\n\n\n<p class=\"has-text-align-center\"><strong>EMMETT TRETMAN<\/strong><\/p>\n\n\n\n<p><em>EMMETT tehnika je jedinstveni oblik tretmana a podrazumijeva primjenu laganog pritiska prstima na odre\u0111ene to\u010dke tijela, koje se po autoru tehnike Ross Emmettu nazivaju \u201cEMMETT to\u010dke\u201d.<\/em><\/p>\n\n\n\n<p>EMMETT tehniku je razvio Ross Emmett (Australija). Vrlo je brza metoda koja pri aktivaciji pravog mi\u0161i\u0107a daje u\u010dinkovite rezultate \u010dim se korekcija mi\u0161i\u0107a provede. U\u010dinak provedenog rada mo\u017ee se neposredno testirati \u2013 mjerenjem snage, gibljivosti ili balansa. Mjesta na kojima se radi pritisak su tzv. EMMETT to\u010dke, mjesta preklapanja senzornih ili receptornih i mi\u0161i\u0107nih to\u010daka. EMMETT tehnikom aktiviraju se pohranjeni lo\u0161i uzorci pokretanja i\/ili ravnote\u017ee, te se njihovim otklanjanjem preko rada razli\u010ditih struktura sredi\u0161njeg \u017eiv\u010danog sustava, stvaraju na licu mjesta novi obrasci kretanja, bez boli i s boljom ravnote\u017eom \u2013 ovisno o klini\u010dkoj slici i pote\u0161ko\u0107ama koje prezentira klijent. <\/p>\n\n\n\n<p><strong>EMMETT to\u010dke<\/strong>\u00a0nisu tradicionalne trigger, akupunkturne ili druge ve\u0107 poznate to\u010dke koje su opisane u nekoj od, do sada, poznatih terapija. Pritisak koji je potreban za poticanje EMMETT to\u010daka ne mora biti ni \u010dvrst ni bolan jer u filozofiji EMMETT tehnike nema mjesta za ideju: \u201cbez boli nema uspjeha (eng. n<em>o pain, no gain<\/em>)\u201d. Preuzeto sa <a href=\"https:\/\/emmett-hr.com\/pocetna\/o-emmett-tehnici\/\">https:\/\/emmett-hr.com\/pocetna\/o-emmett-tehnici\/<\/a> .<\/p>\n\n\n\n<p class=\"has-text-align-center\"><strong>EMMETT TRETMAN ZA PSE<\/strong><\/p>\n\n\n\n<p>Kao i ljudi tako i na\u0161i psi mogu u\u017eivati u blagodatima EMMETT tretmana. Va\u017eno je napomenuti da EMMETT tretman nije namjenjen lije\u010denju pasa i EMMETT prakti\u010dari nisu doktori veterine, stoga ako imate bilo kakvih nejasno\u0107a oko zdravstvenog stanja va\u0161eg psa svakako se konzultirajte sa doktorom veterine prije nego se odlu\u010dite za Emmett tretman za va\u0161eg psa. Emmett tretman za pse slu\u017ei za ubla\u017eavanje bolova ili neugode u mi\u0161i\u0107ima i tijelu kod pasa, a koji nastaju zbog mnogih razloga. Iz tog razloga va\u017eno je da se prvo konzultirate sa veterinarom kako bi se dijagnosticirao problem kojeg pas ima, a tek onda uklju\u010dio EMMETT tretman s ciljem olka\u0161avanja i pobolj\u0161anja kvalitete \u017eivota va\u0161eg psa.<\/p>\n\n\n\n<p>Kako je navedeno na internet stranicama EMMETT tehnike to je komplementarna metoda koja ubrzava rezultate drugih glavnih terapija, a istovremeno omogu\u0107uje postizanje dobrih rezultata ako se primjenjuje samostalno. Emmett je razvijen kao metoda brzog otpu\u0161tanja, namijenjena ubla\u017eavanju boli i nelagode, te za ponovnu uspostavu slobode pokreta mi\u0161i\u0107a. Principi se temelje na laganom pritisku prsta ili potezima na specifi\u010dnim to\u010dkama tijela koje osvje\u0161tavaju odabrane mi\u0161i\u0107ne skupine. Primjena laganog pritiska na odre\u0111ene to\u010dke daje mozgu mogu\u0107nost ponovne provjere i ponovnog kalibriranja. Ove jedinstvene to\u010dke nalaze se po cijelom tijelu i utje\u010du na specifi\u010dne skupine mi\u0161i\u0107a. Tijelo ima za\u0161titne reakcije od traume ili ponavljaju\u0107e prekomjerne upotrebe. Jednom kada pro\u0111e ili se ukloni opasnost\/situacija, mo\u017ee biti potreban samo mali dodir za resetiranje mi\u0161i\u0107nog programa i ponovno aktiviranje mi\u0161i\u0107ne memorije \u2013 \u0161to omogu\u0107ava tijelu da se samoispravlja. Iz tog razloga rezultati tretmana su naj\u010de\u0161\u0107e odmah vidljivi ili u njakra\u0107em vremenskom periodu od tretmana. <\/p>\n\n\n\n<p>Ovo su samo neke od indikacija kod kojih se mo\u017ee koristiti EMMETT kod pasa<\/p>\n\n\n\n<ol class=\"wp-block-list\">\n<li>korekcija nagnutosti ili zakrivljenosti i za ponovno poravnanje tijela<\/li>\n\n\n\n<li>napetost i nelagoda u stra\u017enjem dijelu le\u0111a, trupu ili vratu i ramenima<\/li>\n\n\n\n<li>problemi s \u017eelucem, probavom i crijevima<\/li>\n\n\n\n<li>nedostatak pravilnog stava prednjih i zadnjih nogu<\/li>\n\n\n\n<li>napetost kao posljedica nagona na povra\u0107anje <\/li>\n\n\n\n<li>problemi s kukovima, le\u0111ima, \u0161apama i sli\u010dno<\/li>\n<\/ol>\n\n\n\n<p>Za vi\u0161e informacija potra\u017eite EMMETT prakti\u010dara u svojoj okolici, a popis svih prakti\u010dara mo\u017eete potra\u017eiti na internet stranicama EMMETT tehnike Hrvatska.<\/p>\n\n\n\n<p class=\"has-text-align-center\"><strong>TRADICIONALNA KINESKA MEDICINA AKUPUNKTURA<\/strong><\/p>\n\n\n\n<p>Akupunktura je drevna metoda tradicionalne kineske medicine koja poma\u017ee tijelu da se vrati u ravnote\u017eu djeluju\u0107i stimulacijom odre\u0111enih to\u010daka na tijelu. Ako imate bilo kakavih zdravstvenih problema koji zahtjevaju lije\u010denje, obratite se lije\u010dniku koji vam mo\u017ee pomo\u0107i i savjetovati vas u vezi lije\u010denja akupunkturom. U hrvatskoj lije\u010denje akupunkturom izvode isklju\u010divo doktori medicine koji su zavr\u0161ili edukaciju iz medicinske akupunkture. <\/p>\n\n\n\n<p>Tretman akupunkturom koji nije usmjeren na lije\u010denje dostupan je nakon detaljnog razgovora i dijagnostike simptoma, jezika i pulsa kako bi se odabrala najprikladnija metoda koja mo\u017ee dati zadovoljavaju\u0107e rezultate. Osim ubadanja samih sterilnih jednokratnih akupunkturnih iglica u akupunkturne to\u010dke na tijelu ili uho osobe, mo\u017ee se koristiti i moksibustija s ciljem zagrijavanja akupunkturnih to\u010daka, tui-na masa\u017ea ili cupping metoda koje imaju za cilj pobolj\u0161anje op\u0107eg stanja.<\/p>\n\n\n\n<p>Sam tretman traje oko 30 minuta, a za vidljive rezultate potrebno je nekoliko  tretmana ovisno o tegobama koje se tretiraju, prije nego se vide zadovoljavaju\u0107i rezultati. Sam tretman je siguran ako se po\u0161tuju pravila koja uklju\u010duju kori\u0161tenje jednokratnih sterilnih iglica i dok tretman provodi educirani terapeut koji ima diplomu o zavr\u0161enoj edukaciji.<\/p>\n\n\n\n<p class=\"is-style-plain\"><\/p>\n\n\n\n<blockquote class=\"wp-block-quote is-layout-flow wp-block-quote-is-layout-flow\">\n<p class=\"has-text-align-center\"><strong><em><mark style=\"background-color:rgba(0, 0, 0, 0)\" class=\"has-inline-color has-black-color\">VODITE RA\u010cUNA O SVOJEM TIJELU, TO JE JEDINO MJESTO GDJE MO\u017dETE \u017dIVJETI<\/mark><\/em> STOGA REZERVIRAJTE TERMIN I POMOGNITE SI NA JEDNOSTAVAN NA\u010cIN<\/strong><\/p>\n<\/blockquote>\n\n\n\n<figure class=\"wp-block-image alignwide\"><img fetchpriority=\"high\" decoding=\"async\" width=\"605\" height=\"443\" src=\"https:\/\/xn--bagimasaa-2cc.hr\/wp-content\/uploads\/2023\/11\/Slika1.png\" alt=\"\" class=\"wp-image-91\" srcset=\"https:\/\/xn--bagimasaa-2cc.hr\/wp-content\/uploads\/2023\/11\/Slika1.png 605w, https:\/\/xn--bagimasaa-2cc.hr\/wp-content\/uploads\/2023\/11\/Slika1-300x220.png 300w\" sizes=\"(max-width: 605px) 100vw, 605px\" \/><\/figure>\n\n\n\n<p><\/p>\n","protected":false},"excerpt":{"rendered":"<p>Masa\u017ea pobolj\u0161ava cirkulaciju krvi i protok limfe, probavu i funkciju crijeva, otklanja glavobolju, akutne i kroni\u010dne bolove i popravlja san, stimulira ili smiruje \u017eiv\u010dani sustav, pove\u0107ava pokretljivost zglobova i opseg pokreta zglobova, smanjuje napetost mi\u0161i\u0107a, zate\u017ee ko\u017eu i \u010dini je sjajnijom. Kvalitetna masa\u017ea ovisi o znanjima i iskustvu terapeuta koji [&hellip;]<\/p>\n","protected":false},"author":1,"featured_media":0,"parent":0,"menu_order":0,"comment_status":"closed","ping_status":"closed","template":"","meta":{"footnotes":""},"class_list":["post-90","page","type-page","status-publish","hentry"],"_links":{"self":[{"href":"https:\/\/xn--bagimasaa-2cc.hr\/index.php\/wp-json\/wp\/v2\/pages\/90","targetHints":{"allow":["GET"]}}],"collection":[{"href":"https:\/\/xn--bagimasaa-2cc.hr\/index.php\/wp-json\/wp\/v2\/pages"}],"about":[{"href":"https:\/\/xn--bagimasaa-2cc.hr\/index.php\/wp-json\/wp\/v2\/types\/page"}],"author":[{"embeddable":true,"href":"https:\/\/xn--bagimasaa-2cc.hr\/index.php\/wp-json\/wp\/v2\/users\/1"}],"replies":[{"embeddable":true,"href":"https:\/\/xn--bagimasaa-2cc.hr\/index.php\/wp-json\/wp\/v2\/comments?post=90"}],"version-history":[{"count":16,"href":"https:\/\/xn--bagimasaa-2cc.hr\/index.php\/wp-json\/wp\/v2\/pages\/90\/revisions"}],"predecessor-version":[{"id":294,"href":"https:\/\/xn--bagimasaa-2cc.hr\/index.php\/wp-json\/wp\/v2\/pages\/90\/revisions\/294"}],"wp:attachment":[{"href":"https:\/\/xn--bagimasaa-2cc.hr\/index.php\/wp-json\/wp\/v2\/media?parent=90"}],"curies":[{"name":"wp","href":"https:\/\/api.w.org\/{rel}","templated":true}]}}